{"id":1119,"date":"2021-07-05T11:46:11","date_gmt":"2021-07-05T11:46:11","guid":{"rendered":"https:\/\/jessica-aubenhausen.de\/?page_id=1119"},"modified":"2021-07-05T11:49:58","modified_gmt":"2021-07-05T11:49:58","slug":"impressum","status":"publish","type":"page","link":"https:\/\/jessica-aubenhausen.de\/en\/impressum\/","title":{"rendered":"Imprint"},"content":{"rendered":"\t\t<div data-elementor-type=\"wp-page\" data-elementor-id=\"1119\" class=\"elementor elementor-1119\" data-elementor-post-type=\"page\">\n\t\t\t\t\t\t<section class=\"elementor-section elementor-top-section elementor-element elementor-element-5ada65b elementor-section-boxed elementor-section-height-default elementor-section-height-default\" data-id=\"5ada65b\" data-element_type=\"section\" data-e-type=\"section\" data-settings=\"{&quot;background_background&quot;:&quot;classic&quot;}\">\n\t\t\t\t\t\t<div class=\"elementor-container elementor-column-gap-default\">\n\t\t\t\t\t<div class=\"elementor-column elementor-col-100 elementor-top-column elementor-element elementor-element-77568b8\" data-id=\"77568b8\" data-element_type=\"column\" data-e-type=\"column\">\n\t\t\t<div class=\"elementor-widget-wrap elementor-element-populated\">\n\t\t\t\t\t\t<div class=\"elementor-element elementor-element-2d37c60 elementor-widget elementor-widget-heading\" data-id=\"2d37c60\" data-element_type=\"widget\" data-e-type=\"widget\" data-widget_type=\"heading.default\">\n\t\t\t\t<div class=\"elementor-widget-container\">\n\t\t\t\t\t<h2 class=\"elementor-heading-title elementor-size-default\">Impressum<\/h2>\t\t\t\t<\/div>\n\t\t\t\t<\/div>\n\t\t\t\t\t<\/div>\n\t\t<\/div>\n\t\t\t\t\t<\/div>\n\t\t<\/section>\n\t\t\t\t<section class=\"elementor-section elementor-top-section elementor-element elementor-element-bca4713 elementor-section-boxed elementor-section-height-default elementor-section-height-default\" data-id=\"bca4713\" data-element_type=\"section\" data-e-type=\"section\">\n\t\t\t\t\t\t<div class=\"elementor-container elementor-column-gap-default\">\n\t\t\t\t\t<div class=\"elementor-column elementor-col-100 elementor-top-column elementor-element elementor-element-bbad38d\" data-id=\"bbad38d\" data-element_type=\"column\" data-e-type=\"column\">\n\t\t\t<div class=\"elementor-widget-wrap elementor-element-populated\">\n\t\t\t\t\t\t<section class=\"elementor-section elementor-inner-section elementor-element elementor-element-a5a8cce elementor-section-boxed elementor-section-height-default elementor-section-height-default\" data-id=\"a5a8cce\" data-element_type=\"section\" data-e-type=\"section\">\n\t\t\t\t\t\t<div class=\"elementor-container elementor-column-gap-default\">\n\t\t\t\t\t<div class=\"elementor-column elementor-col-50 elementor-inner-column elementor-element elementor-element-1725d07\" data-id=\"1725d07\" data-element_type=\"column\" data-e-type=\"column\">\n\t\t\t<div class=\"elementor-widget-wrap elementor-element-populated\">\n\t\t\t\t\t\t<div class=\"elementor-element elementor-element-59382d2 elementor-widget elementor-widget-text-editor\" data-id=\"59382d2\" data-element_type=\"widget\" data-e-type=\"widget\" data-widget_type=\"text-editor.default\">\n\t\t\t\t<div class=\"elementor-widget-container\">\n\t\t\t\t\t\t\t\t\t<p><strong>Aubenhausen GbR<\/strong><br \/>Aubenhausen 7<br \/>83104 Osterm\u00fcnchen<\/p>\t\t\t\t\t\t\t\t<\/div>\n\t\t\t\t<\/div>\n\t\t\t\t\t<\/div>\n\t\t<\/div>\n\t\t\t\t<div class=\"elementor-column elementor-col-50 elementor-inner-column elementor-element elementor-element-3a0e8b1\" data-id=\"3a0e8b1\" data-element_type=\"column\" data-e-type=\"column\">\n\t\t\t<div class=\"elementor-widget-wrap elementor-element-populated\">\n\t\t\t\t\t\t<div class=\"elementor-element elementor-element-9a9b14f elementor-widget elementor-widget-text-editor\" data-id=\"9a9b14f\" data-element_type=\"widget\" data-e-type=\"widget\" data-widget_type=\"text-editor.default\">\n\t\t\t\t<div class=\"elementor-widget-container\">\n\t\t\t\t\t\t\t\t\t<p><strong>Werndl Pferdeausbildung und -beritt GbR<\/strong><br \/>Aubenhausen 7<br \/>83104 Osterm\u00fcnchen<\/p>\t\t\t\t\t\t\t\t<\/div>\n\t\t\t\t<\/div>\n\t\t\t\t\t<\/div>\n\t\t<\/div>\n\t\t\t\t\t<\/div>\n\t\t<\/section>\n\t\t\t\t<div class=\"elementor-element elementor-element-3fa4247 elementor-widget elementor-widget-text-editor\" data-id=\"3fa4247\" data-element_type=\"widget\" data-e-type=\"widget\" data-widget_type=\"text-editor.default\">\n\t\t\t\t<div class=\"elementor-widget-container\">\n\t\t\t\t\t\t\t\t\t<p><strong>Telefon Mobil:<\/strong> +49 (0) 174 323 5492<br \/><strong>Telefon B\u00fcro:<\/strong> +49 (0) 8067 180 377<br \/><strong>Email:<\/strong> kontakt[at]aubenhausen.de<\/p><p><strong>Inhaltlich Verantwortlicher gem\u00e4\u00df \u00a755 Abs. 2 RStV:<\/strong><br \/>Micaela Werndl, Benjamin Werndl, Jessica von Bredow-Werndl<\/p><p><strong>Bilderquellen:<\/strong><br \/>Reit- und Fahrverein Aubenhausen e.V<\/p>\t\t\t\t\t\t\t\t<\/div>\n\t\t\t\t<\/div>\n\t\t\t\t\t<\/div>\n\t\t<\/div>\n\t\t\t\t\t<\/div>\n\t\t<\/section>\n\t\t\t\t<\/div>\n\t\t","protected":false},"excerpt":{"rendered":"<p>Impressum Aubenhausen GbRAubenhausen 783104 Osterm\u00fcnchen Werndl Pferdeausbildung und -beritt GbRAubenhausen 783104 Osterm\u00fcnchen Telefon Mobil: +49 (0) 174 323 5492Telefon B\u00fcro: +49 (0) 8067 180 377Email: kontakt[at]aubenhausen.de Inhaltlich Verantwortlicher gem\u00e4\u00df \u00a755 Abs. 2 RStV:Micaela Werndl, Benjamin Werndl, Jessica von Bredow-Werndl Bilderquellen:Reit- und Fahrverein Aubenhausen e.V<\/p>\n","protected":false},"author":1,"featured_media":0,"parent":0,"menu_order":99,"comment_status":"closed","ping_status":"closed","template":"elementor_header_footer","meta":{"footnotes":""},"class_list":["post-1119","page","type-page","status-publish","hentry"],"_links":{"self":[{"href":"https:\/\/jessica-aubenhausen.de\/en\/wp-json\/wp\/v2\/pages\/1119","targetHints":{"allow":["GET"]}}],"collection":[{"href":"https:\/\/jessica-aubenhausen.de\/en\/wp-json\/wp\/v2\/pages"}],"about":[{"href":"https:\/\/jessica-aubenhausen.de\/en\/wp-json\/wp\/v2\/types\/page"}],"author":[{"embeddable":true,"href":"https:\/\/jessica-aubenhausen.de\/en\/wp-json\/wp\/v2\/users\/1"}],"replies":[{"embeddable":true,"href":"https:\/\/jessica-aubenhausen.de\/en\/wp-json\/wp\/v2\/comments?post=1119"}],"version-history":[{"count":0,"href":"https:\/\/jessica-aubenhausen.de\/en\/wp-json\/wp\/v2\/pages\/1119\/revisions"}],"wp:attachment":[{"href":"https:\/\/jessica-aubenhausen.de\/en\/wp-json\/wp\/v2\/media?parent=1119"}],"curies":[{"name":"wp","href":"https:\/\/api.w.org\/{rel}","templated":true}]}}